{"id":6,"date":"2011-03-01T22:21:55","date_gmt":"2011-03-01T22:21:55","guid":{"rendered":"http:\/\/www.ipscorse.com\/?page_id=6"},"modified":"2018-04-20T19:42:47","modified_gmt":"2018-04-20T19:42:47","slug":"essai","status":"publish","type":"page","link":"https:\/\/www.ipscorse.com\/?page_id=6","title":{"rendered":"Services Informatique"},"content":{"rendered":"<blockquote><p>INFO-PRO SERVICES vous propose diff\u00e9rents services :<\/p>\n<blockquote><p>&#8212;&gt; Assistance informatique \u00e0 domicile ou en atelier pour particulier, association, collectivit\u00e9s, professionnels &#8230; sur :<br \/>\nWindows toutes version (98\/2000\/XP\/VISTA\/7\/8\/10),<br \/>\nWindows Serveur (2000 \/2003 \/ 2008 \/ 2012 \/ 2016)<br \/>\nLinux<br \/>\nTous mat\u00e9riels informatiques<\/p><\/blockquote>\n<blockquote><p>&#8212;&gt; Diagnostic et r\u00e9paration de panne (logiciel ou mat\u00e9riel)<\/p><\/blockquote>\n<blockquote><p>&#8212;&gt; Assemblage et configuration mat\u00e9riel sur mesure<br \/>\n&#8212;&gt; Remise \u00e0 niveau de votre ordinateur (carte m\u00e8re, processeur, m\u00e9moire, disque dur&#8230;)<\/p><\/blockquote>\n<blockquote><p>&#8212;&gt; Installation de logiciels et de syst\u00e8me d&rsquo;exploitation<br \/>\n&#8212;&gt; Installation, formation sur la prise en main de votre ordinateur<br \/>\n&#8212;&gt; Installation, formation logiciels bureautiques : MS Office, Open Office etc&#8230;<\/p><\/blockquote>\n<blockquote><p>&#8212;&gt; Mise en place et initiation internet<br \/>\n&#8212;&gt; Mise en place et configuration d\u2019architecture r\u00e9seau informatique (filaire, wifi, courant porteur)<br \/>\n&#8212;&gt; Mise en place de mat\u00e9riels et logiciels de protections et de s\u00e9curit\u00e9<\/p><\/blockquote>\n<blockquote><p>&#8212;&gt; Sauvegarde de donn\u00e9es<br \/>\n&#8212;&gt; R\u00e9cup\u00e9ration de donn\u00e9es sur support d\u00e9fectueux (dans la mesure du possible)<\/p>\n<p>&nbsp;<\/p><\/blockquote>\n<\/blockquote>\n","protected":false},"excerpt":{"rendered":"<p>INFO-PRO SERVICES vous propose diff\u00e9rents services : &#8212;&gt; Assistance informatique \u00e0 domicile ou en atelier pour particulier, association, collectivit\u00e9s, professionnels &#8230; sur : Windows toutes version (98\/2000\/XP\/VISTA\/7\/8\/10), Windows Serveur (2000 \/2003 \/ 2008 \/ 2012 \/ 2016) Linux Tous mat\u00e9riels informatiques &#8212;&gt; Diagnostic et r\u00e9paration de panne (logiciel ou mat\u00e9riel) &#8212;&gt; Assemblage et configuration mat\u00e9riel [&hellip;]<\/p>\n","protected":false},"author":1,"featured_media":0,"parent":0,"menu_order":0,"comment_status":"closed","ping_status":"open","template":"","meta":[],"_links":{"self":[{"href":"https:\/\/www.ipscorse.com\/index.php?rest_route=\/wp\/v2\/pages\/6"}],"collection":[{"href":"https:\/\/www.ipscorse.com\/index.php?rest_route=\/wp\/v2\/pages"}],"about":[{"href":"https:\/\/www.ipscorse.com\/index.php?rest_route=\/wp\/v2\/types\/page"}],"author":[{"embeddable":true,"href":"https:\/\/www.ipscorse.com\/index.php?rest_route=\/wp\/v2\/users\/1"}],"replies":[{"embeddable":true,"href":"https:\/\/www.ipscorse.com\/index.php?rest_route=%2Fwp%2Fv2%2Fcomments&post=6"}],"version-history":[{"count":29,"href":"https:\/\/www.ipscorse.com\/index.php?rest_route=\/wp\/v2\/pages\/6\/revisions"}],"predecessor-version":[{"id":133,"href":"https:\/\/www.ipscorse.com\/index.php?rest_route=\/wp\/v2\/pages\/6\/revisions\/133"}],"wp:attachment":[{"href":"https:\/\/www.ipscorse.com\/index.php?rest_route=%2Fwp%2Fv2%2Fmedia&parent=6"}],"curies":[{"name":"wp","href":"https:\/\/api.w.org\/{rel}","templated":true}]}}