{"id":2,"date":"2011-02-28T22:46:34","date_gmt":"2011-02-28T22:46:34","guid":{"rendered":"http:\/\/s359163434.onlinehome.fr\/?page_id=2"},"modified":"2011-11-08T16:21:00","modified_gmt":"2011-11-08T16:21:00","slug":"page-d-exemple","status":"publish","type":"page","link":"https:\/\/www.ipscorse.com\/?page_id=2","title":{"rendered":"Notre Soci\u00e9t\u00e9"},"content":{"rendered":"<blockquote>\n<blockquote><p>Depuis Janvier 2007, La Soci\u00e9t\u00e9 INFO-PRO SERVICES, de d\u00e9pannage et vente de mat\u00e9riels informatiques, a \u00e9t\u00e9 cr\u00e9\u00e9\u00a0 afin d&rsquo;intervenir sur la r\u00e9gion du Valinco\u00a0 Propriano &#8211; Olmeto, dans la r\u00e9gion de Sart\u00e8ne, dans la r\u00e9gion du Taravo et dans la r\u00e9gion de L&rsquo;Alta Rocca..<\/p><\/blockquote>\n<\/blockquote>\n<blockquote>\n<blockquote><p>Dipl\u00f4m\u00e9 d\u2019un B.T.S Informatique option gestion r\u00e9seaux, je suis \u00e0 votre \u00e9coute pour :<\/p>\n<p>&#8211; Vous r\u00e9aliser une \u00e9tude sur mesure selon vos besoins<\/p>\n<p>&#8211; Vous  apporter la solution informatique et r\u00e9seau la plus adapt\u00e9e avec un mat\u00e9riel appropri\u00e9<\/p>\n<p>&#8211; Vous accompagner lors de l&rsquo;\u00e9volution de votre informatique\/r\u00e9seau ou de la mise en place d&rsquo;une nouvelle installation<\/p>\n<p>&#8211; Vous garantir un support rapide et efficace<\/p>\n<p>&#8211; Vous fournir des logiciels adapt\u00e9s et en accord avec vos exigences.<\/p><\/blockquote>\n<\/blockquote>\n","protected":false},"excerpt":{"rendered":"<p>Depuis Janvier 2007, La Soci\u00e9t\u00e9 INFO-PRO SERVICES, de d\u00e9pannage et vente de mat\u00e9riels informatiques, a \u00e9t\u00e9 cr\u00e9\u00e9\u00a0 afin d&rsquo;intervenir sur la r\u00e9gion du Valinco\u00a0 Propriano &#8211; Olmeto, dans la r\u00e9gion de Sart\u00e8ne, dans la r\u00e9gion du Taravo et dans la r\u00e9gion de L&rsquo;Alta Rocca.. Dipl\u00f4m\u00e9 d\u2019un B.T.S Informatique option gestion r\u00e9seaux, je suis \u00e0 votre [&hellip;]<\/p>\n","protected":false},"author":1,"featured_media":0,"parent":0,"menu_order":0,"comment_status":"open","ping_status":"open","template":"","meta":[],"_links":{"self":[{"href":"https:\/\/www.ipscorse.com\/index.php?rest_route=\/wp\/v2\/pages\/2"}],"collection":[{"href":"https:\/\/www.ipscorse.com\/index.php?rest_route=\/wp\/v2\/pages"}],"about":[{"href":"https:\/\/www.ipscorse.com\/index.php?rest_route=\/wp\/v2\/types\/page"}],"author":[{"embeddable":true,"href":"https:\/\/www.ipscorse.com\/index.php?rest_route=\/wp\/v2\/users\/1"}],"replies":[{"embeddable":true,"href":"https:\/\/www.ipscorse.com\/index.php?rest_route=%2Fwp%2Fv2%2Fcomments&post=2"}],"version-history":[{"count":10,"href":"https:\/\/www.ipscorse.com\/index.php?rest_route=\/wp\/v2\/pages\/2\/revisions"}],"predecessor-version":[{"id":123,"href":"https:\/\/www.ipscorse.com\/index.php?rest_route=\/wp\/v2\/pages\/2\/revisions\/123"}],"wp:attachment":[{"href":"https:\/\/www.ipscorse.com\/index.php?rest_route=%2Fwp%2Fv2%2Fmedia&parent=2"}],"curies":[{"name":"wp","href":"https:\/\/api.w.org\/{rel}","templated":true}]}}