{"id":10,"date":"2011-03-01T22:23:42","date_gmt":"2011-03-01T22:23:42","guid":{"rendered":"http:\/\/www.ipscorse.com\/?page_id=10"},"modified":"2014-08-15T16:34:32","modified_gmt":"2014-08-15T16:34:32","slug":"contact","status":"publish","type":"page","link":"https:\/\/www.ipscorse.com\/?page_id=10","title":{"rendered":"Logiciel Bar-Restaurant"},"content":{"rendered":"<blockquote>\n<div align=\"center\"><img decoding=\"async\" loading=\"lazy\" class=\"aligncenter\" src=\"img\/phare.jpg\" alt=\"Phare Software\" width=\"400\" height=\"41\" \/><\/div>\n<blockquote>\n<div align=\"center\">Revendeur Officiel R\u00e9gion Corse du Syst\u00e8me D&rsquo;encaissement<br \/>\nPhare Software pour<br \/>\nRestaurants, Bars, Brasseries, Caf\u00e9s, Salons de th\u00e9, Boulangerie&#8230;<\/div>\n<\/blockquote>\n<blockquote><p>&#8211; Gestion caisse et facturation<br \/>\n&#8211; Changement tarifs % et valeur<br \/>\n&#8211; \u00c9cran de production cuisine<br \/>\n&#8211; Gestion et scan des tickets restaurant<br \/>\n&#8211; Gestion serveurs par cl\u00e9s dallas et code<br \/>\n&#8211; Gestion des comptes clients<br \/>\n&#8211; Plan de salle, r\u00e9servation de table<br \/>\n&#8211; Transfert C.A caisse \u00e0 distance<br \/>\n&#8211; Statistique de vente (courbes-histogrammes)<br \/>\n&#8211; Gestion stock journalier articles<br \/>\n&#8211; Gestion multi-\u00e9tablissements<br \/>\n&#8211; Contr\u00f4le d\u00e9bit de boissons<br \/>\n&#8211; Interfaces diverses<br \/>\n&#8211; Commande serveur via Pocket<\/p><\/blockquote>\n<blockquote>\n<div align=\"center\"><img decoding=\"async\" loading=\"lazy\" src=\"img\/pharerb4.jpg\" alt=\"Phare Software\" width=\"400\" height=\"172\" \/><\/div>\n<\/blockquote>\n","protected":false},"excerpt":{"rendered":"<p>Revendeur Officiel R\u00e9gion Corse du Syst\u00e8me D&rsquo;encaissement Phare Software pour Restaurants, Bars, Brasseries, Caf\u00e9s, Salons de th\u00e9, Boulangerie&#8230; &#8211; Gestion caisse et facturation &#8211; Changement tarifs % et valeur &#8211; \u00c9cran de production cuisine &#8211; Gestion et scan des tickets restaurant &#8211; Gestion serveurs par cl\u00e9s dallas et code &#8211; Gestion des comptes clients &#8211; [&hellip;]<\/p>\n","protected":false},"author":1,"featured_media":0,"parent":0,"menu_order":0,"comment_status":"closed","ping_status":"open","template":"","meta":[],"_links":{"self":[{"href":"https:\/\/www.ipscorse.com\/index.php?rest_route=\/wp\/v2\/pages\/10"}],"collection":[{"href":"https:\/\/www.ipscorse.com\/index.php?rest_route=\/wp\/v2\/pages"}],"about":[{"href":"https:\/\/www.ipscorse.com\/index.php?rest_route=\/wp\/v2\/types\/page"}],"author":[{"embeddable":true,"href":"https:\/\/www.ipscorse.com\/index.php?rest_route=\/wp\/v2\/users\/1"}],"replies":[{"embeddable":true,"href":"https:\/\/www.ipscorse.com\/index.php?rest_route=%2Fwp%2Fv2%2Fcomments&post=10"}],"version-history":[{"count":32,"href":"https:\/\/www.ipscorse.com\/index.php?rest_route=\/wp\/v2\/pages\/10\/revisions"}],"predecessor-version":[{"id":131,"href":"https:\/\/www.ipscorse.com\/index.php?rest_route=\/wp\/v2\/pages\/10\/revisions\/131"}],"wp:attachment":[{"href":"https:\/\/www.ipscorse.com\/index.php?rest_route=%2Fwp%2Fv2%2Fmedia&parent=10"}],"curies":[{"name":"wp","href":"https:\/\/api.w.org\/{rel}","templated":true}]}}